{"id":7725,"date":"2026-01-11T11:28:41","date_gmt":"2026-01-11T10:28:41","guid":{"rendered":"https:\/\/vitidron.es\/?page_id=7725"},"modified":"2026-03-23T15:20:42","modified_gmt":"2026-03-23T14:20:42","slug":"menu","status":"publish","type":"page","link":"https:\/\/vitidron.es\/menu\/","title":{"rendered":"vitiDron &#8211; Men\u00fa Privado"},"content":{"rendered":"\t\t<div data-elementor-type=\"wp-page\" data-elementor-id=\"7725\" class=\"elementor elementor-7725\">\n\t\t\t\t\t\t<section class=\"elementor-section elementor-top-section elementor-element elementor-element-6c2caa3 elementor-section-boxed elementor-section-height-default elementor-section-height-default\" data-id=\"6c2caa3\" data-element_type=\"section\" data-e-type=\"section\">\r\n\t\t\t\t\t\t<div class=\"elementor-container elementor-column-gap-thegem\"><div class=\"elementor-row\">\r\n\t\t\t\t\t<div class=\"elementor-column elementor-col-100 elementor-top-column elementor-element elementor-element-ddd45e9\" data-id=\"ddd45e9\" data-element_type=\"column\" data-e-type=\"column\">\n\t\t\t<div class=\"elementor-widget-wrap elementor-element-populated\">\n\t\t\t\t\t\t<div class=\"elementor-element elementor-element-04b7e3b flex-horizontal-align-default flex-horizontal-align-tablet-default flex-horizontal-align-mobile-default flex-vertical-align-default flex-vertical-align-tablet-default flex-vertical-align-mobile-default elementor-widget elementor-widget-html\" data-id=\"04b7e3b\" data-element_type=\"widget\" data-e-type=\"widget\" data-widget_type=\"html.default\">\n\t\t\t\t<div class=\"elementor-widget-container\">\n\t\t\t\t\t<div id=\"pwaInstallPopupOverlay\" style=\"display: none; position: fixed; top: 0; left: 0; width: 100%; height: 100%; background-color: rgba(0,0,0,0.6); justify-content: center; align-items: center; z-index: 9999;\">\n  <div id=\"pwaInstallPopupContent\" style=\"background-color: white; padding: 25px; border-radius: 12px; text-align: center; box-shadow: 0 10px 25px rgba(0,0,0,0.3); max-width: 90%; width: 350px; font-family: sans-serif;\">\n    <h3 style=\"margin-top:0; color:#333;\">Acceso Clientes<\/h3>\n    <p style=\"color:#666; font-size: 15px;\">A\u00f1ade el acceso directo a tu dispositivo para entrar r\u00e1pidamente a tu \u00e1rea privada.<\/p>\n    <div style=\"margin-top: 20px;\">\n      <button id=\"popupInstallButton\" style=\"background-color: #f6891f; color: white; border: none; padding: 12px 25px; border-radius: 6px; cursor: pointer; font-weight: bold; margin-right: 10px;\">Instalar App<\/button>\n      <button id=\"popupCancelButton\" style=\"background-color: #e0e0e0; color: #333; border: none; padding: 12px 25px; border-radius: 6px; cursor: pointer;\">Ahora no<\/button>\n    <\/div>\n  <\/div>\n<\/div>\n\n<div id=\"iosInstallInstructions\" style=\"display: none; padding: 15px; background-color: #ffffff; border-top: 1px solid #ddd; position: fixed; bottom: 0; left: 0; width: 100%; z-index: 9999; text-align: center; box-shadow: 0 -2px 10px rgba(0,0,0,0.1); font-family: sans-serif;\">\n  <p style=\"margin: 0; font-size: 14px; color:#333; line-height: 1.4;\">Para instalar la App: pulsa <strong>Compartir<\/strong> <img src=\"https:\/\/icon-library.com\/images\/ios-share-icon-png\/ios-share-icon-png-13.jpg\" style=\"width:16px; vertical-align:text-bottom; opacity: 0.6;\"> y selecciona <strong>'A\u00f1adir a pantalla de inicio'<\/strong>.<\/p>\n  <button id=\"closeIosInstructions\" style=\"position: absolute; top: 10px; right: 10px; background: none; border: none; font-size: 24px; color: #999; cursor: pointer; line-height: 1;\">&times;<\/button>\n<\/div>\n\n<div id=\"macSafariInstallInstructions\" style=\"display: none; padding: 15px; background-color: #ffffff; border-top: 1px solid #ddd; position: fixed; bottom: 0; left: 0; width: 100%; z-index: 9999; text-align: center; box-shadow: 0 -2px 10px rgba(0,0,0,0.1); font-family: sans-serif;\">\n  <p style=\"margin: 0; font-size: 14px; color:#333;\">Para instalar la App: ve a <strong>Archivo<\/strong> y selecciona <strong>'A\u00f1adir al Dock'<\/strong>.<\/p>\n  <button id=\"closeMacSafariInstructions\" style=\"position: absolute; top: 10px; right: 10px; background: none; border: none; font-size: 24px; color: #999; cursor: pointer; line-height: 1;\">&times;<\/button>\n<\/div>\n\n<script>\ndocument.addEventListener('DOMContentLoaded', () => {\n\n    \/\/ --- CONFIGURACI\u00d3N ---\n    const DAYS_TO_WAIT = 5;      \/\/ D\u00edas de espera entre avisos\n    const MAX_REJECTIONS = 3;    \/\/ M\u00e1ximo de veces que se mostrar\u00e1\n    \/\/ ---------------------\n\n    const pwaPopupOverlay = document.getElementById('pwaInstallPopupOverlay');\n    const pwaInstallButton = document.getElementById('popupInstallButton');\n    const pwaCancelButton = document.getElementById('popupCancelButton');\n    const iosInstructionsBanner = document.getElementById('iosInstallInstructions');\n    const closeIosBtn = document.getElementById('closeIosInstructions');\n    const macSafariInstructionsBanner = document.getElementById('macSafariInstallInstructions');\n    const closeMacSafariBtn = document.getElementById('closeMacSafariInstructions');\n\n    let deferredPrompt;\n    const PWA_TIMESTAMP_KEY = 'pwaDismissTimestamp'; \/\/ Cu\u00e1ndo se cerr\u00f3\n    const PWA_COUNT_KEY = 'pwaRejectionCount';       \/\/ Cu\u00e1ntas veces se ha cerrado\n    \n    const isPWA = window.matchMedia('(display-mode: standalone)').matches || window.navigator.standalone === true;\n\n    \/\/ --- FUNCIONES DETECCI\u00d3N ---\n    function isIOS() {\n        return \/iPad|iPhone|iPod\/.test(navigator.userAgent) || \n               (navigator.platform === 'MacIntel' && navigator.maxTouchPoints > 1 && !window.MSStream);\n    }\n    \n    function isMacSafari() {\n        return navigator.platform.toUpperCase().indexOf('MAC') >= 0 &&\n               navigator.vendor && navigator.vendor.includes('Apple') &&\n               !\/Chrome|Chromium|CriOS|Edg|OPR\/.test(navigator.userAgent) && !isIOS();\n    }\n\n    \/\/ --- NUEVA L\u00d3GICA DE CONTADOR Y TIEMPO ---\n    function shouldShowPrompt() {\n        \/\/ 1. Revisar cu\u00e1ntas veces ha dicho que no\n        const rejectionCount = parseInt(localStorage.getItem(PWA_COUNT_KEY) || '0');\n        \n        if (rejectionCount >= MAX_REJECTIONS) {\n            return false; \/\/ Ha superado el l\u00edmite de 3 intentos. FIN.\n        }\n\n        \/\/ 2. Revisar si est\u00e1 en \"periodo de enfriamiento\" (5 d\u00edas)\n        const dismissedTime = localStorage.getItem(PWA_TIMESTAMP_KEY);\n        if (!dismissedTime) {\n            return true; \/\/ Nunca se ha cerrado, mostrar.\n        }\n\n        const now = Date.now();\n        const daysDiff = (now - parseInt(dismissedTime)) \/ (1000 * 60 * 60 * 24);\n\n        if (daysDiff > DAYS_TO_WAIT) {\n            return true; \/\/ Han pasado m\u00e1s de 5 d\u00edas, mostrar.\n        }\n\n        return false; \/\/ Todav\u00eda es pronto.\n    }\n\n    function recordRejectionAndClose(bannerElement) {\n        if (bannerElement) bannerElement.style.display = 'none';\n        \n        \/\/ A. Guardamos la fecha de hoy\n        localStorage.setItem(PWA_TIMESTAMP_KEY, Date.now().toString());\n        \n        \/\/ B. Sumamos 1 al contador de rechazos\n        let currentCount = parseInt(localStorage.getItem(PWA_COUNT_KEY) || '0');\n        currentCount++;\n        localStorage.setItem(PWA_COUNT_KEY, currentCount.toString());\n\n        deferredPrompt = null;\n    }\n\n    \/\/ --- L\u00d3GICA PRINCIPAL ---\n    \n    \/\/ 1. Si ya es App, marcamos sesi\u00f3n iniciada\n    if (isPWA) {\n        sessionStorage.setItem('pwa_started', 'true');\n        return; \n    }\n\n    \/\/ 2. Comprobamos l\u00edmites (D\u00edas y Cantidad)\n    if (!shouldShowPrompt()) {\n        return; \n    }\n\n    \/\/ 3. Mostrar banner seg\u00fan sistema\n    if (isIOS()) {\n        if (iosInstructionsBanner) iosInstructionsBanner.style.display = 'block';\n        \/\/ Al cerrar en iOS, contamos como un rechazo\n        if (closeIosBtn) closeIosBtn.addEventListener('click', () => recordRejectionAndClose(iosInstructionsBanner));\n\n    } else if (isMacSafari()) {\n        if (macSafariInstructionsBanner) macSafariInstructionsBanner.style.display = 'block';\n        \/\/ Al cerrar en Mac, contamos como un rechazo\n        if (closeMacSafariBtn) closeMacSafariBtn.addEventListener('click', () => recordRejectionAndClose(macSafariInstructionsBanner));\n\n    } else {\n        \/\/ Android \/ Windows\n        window.addEventListener('beforeinstallprompt', (e) => {\n            e.preventDefault(); \n            deferredPrompt = e; \n            if (pwaPopupOverlay) pwaPopupOverlay.style.display = 'flex';\n        });\n\n        if (pwaInstallButton) {\n            pwaInstallButton.addEventListener('click', async () => {\n                if (pwaPopupOverlay) pwaPopupOverlay.style.display = 'none';\n                if (!deferredPrompt) return;\n                deferredPrompt.prompt(); \n                await deferredPrompt.userChoice;\n                deferredPrompt = null;\n            });\n        }\n\n        if (pwaCancelButton) {\n            pwaCancelButton.addEventListener('click', () => {\n                \/\/ Al pulsar \"Ahora no\", contamos como un rechazo\n                recordRejectionAndClose(pwaPopupOverlay);\n            });\n        }\n    }\n});\n\n\/\/ --- REGISTRO DEL MOTOR ---\nif ('serviceWorker' in navigator) {\n  window.addEventListener('load', () => {\n    navigator.serviceWorker.register('\/sw.js', { scope: '\/' });\n  });\n}\n<\/script>\t\t\t\t<\/div>\n\t\t\t\t<\/div>\n\t\t\t\t\t<\/div>\n\t\t<\/div>\n\t\t\t\t\t<\/div><\/div>\r\n\t\t<\/section>\r\n\t\t\t\t<section class=\"elementor-section elementor-top-section elementor-element elementor-element-de390cf solo-conectado elementor-section-boxed elementor-section-height-default elementor-section-height-default\" data-id=\"de390cf\" data-element_type=\"section\" data-e-type=\"section\">\r\n\t\t\t\t\t\t<div class=\"elementor-container elementor-column-gap-thegem\"><div class=\"elementor-row\">\r\n\t\t\t\t\t<div class=\"elementor-column elementor-col-33 elementor-top-column elementor-element elementor-element-7c7744c\" data-id=\"7c7744c\" data-element_type=\"column\" data-e-type=\"column\">\n\t\t\t<div class=\"elementor-widget-wrap elementor-element-populated\">\n\t\t\t\t\t\t<div class=\"elementor-element elementor-element-82b8f45 solo-conectado elementor-view-default flex-horizontal-align-default flex-horizontal-align-tablet-default flex-horizontal-align-mobile-default flex-vertical-align-default flex-vertical-align-tablet-default flex-vertical-align-mobile-default elementor-invisible elementor-widget elementor-widget-icon\" data-id=\"82b8f45\" data-element_type=\"widget\" data-e-type=\"widget\" data-settings=\"{&quot;_animation&quot;:&quot;zoomIn&quot;}\" data-widget_type=\"icon.default\">\n\t\t\t\t<div class=\"elementor-widget-container\">\n\t\t\t\t\t\t\t<div class=\"elementor-icon-wrapper\">\n\t\t\t<div class=\"elementor-icon\">\n\t\t\t<i aria-hidden=\"true\" class=\"fas fa-lock\"><\/i>\t\t\t<\/div>\n\t\t<\/div>\n\t\t\t\t\t\t<\/div>\n\t\t\t\t<\/div>\n\t\t\t\t\t<\/div>\n\t\t<\/div>\n\t\t\t\t<div class=\"elementor-column elementor-col-66 elementor-top-column elementor-element elementor-element-6249042\" data-id=\"6249042\" data-element_type=\"column\" data-e-type=\"column\" data-settings=\"{&quot;background_background&quot;:&quot;classic&quot;}\">\n\t\t\t<div class=\"elementor-widget-wrap elementor-element-populated\">\n\t\t\t\t\t\t<div class=\"elementor-element elementor-element-d1dc82d flex-horizontal-align-default flex-horizontal-align-tablet-default flex-horizontal-align-mobile-default flex-vertical-align-default flex-vertical-align-tablet-default flex-vertical-align-mobile-default elementor-widget elementor-widget-shortcode\" data-id=\"d1dc82d\" data-element_type=\"widget\" data-e-type=\"widget\" data-widget_type=\"shortcode.default\">\n\t\t\t\t<div class=\"elementor-widget-container\">\n\t\t\t\t\t\t\t<div class=\"elementor-shortcode\"><\/div>\n\t\t\t\t\t\t<\/div>\n\t\t\t\t<\/div>\n\t\t\t\t\t<\/div>\n\t\t<\/div>\n\t\t\t\t\t<\/div><\/div>\r\n\t\t<\/section>\r\n\t\t\t\t<section class=\"elementor-section elementor-top-section elementor-element elementor-element-6d8dea6 animated-slow elementor-section-boxed elementor-section-height-default elementor-section-height-default elementor-invisible\" data-id=\"6d8dea6\" data-element_type=\"section\" data-e-type=\"section\" data-settings=\"{&quot;animation&quot;:&quot;fadeIn&quot;}\">\r\n\t\t\t\t\t\t<div class=\"elementor-container elementor-column-gap-thegem\"><div class=\"elementor-row\">\r\n\t\t\t\t\t<div class=\"elementor-column elementor-col-100 elementor-top-column elementor-element elementor-element-fbd5dcc\" data-id=\"fbd5dcc\" data-element_type=\"column\" data-e-type=\"column\">\n\t\t\t<div class=\"elementor-widget-wrap elementor-element-populated\">\n\t\t\t\t\t\t<div class=\"elementor-element elementor-element-5d173a9 flex-horizontal-align-default flex-horizontal-align-tablet-default flex-horizontal-align-mobile-default flex-vertical-align-default flex-vertical-align-tablet-default flex-vertical-align-mobile-default elementor-widget elementor-widget-shortcode\" data-id=\"5d173a9\" data-element_type=\"widget\" data-e-type=\"widget\" data-widget_type=\"shortcode.default\">\n\t\t\t\t<div class=\"elementor-widget-container\">\n\t\t\t\t\t\t\t<div class=\"elementor-shortcode\"><\/div>\n\t\t\t\t\t\t<\/div>\n\t\t\t\t<\/div>\n\t\t\t\t\t<\/div>\n\t\t<\/div>\n\t\t\t\t\t<\/div><\/div>\r\n\t\t<\/section>\r\n\t\t\t\t<section class=\"elementor-section elementor-top-section elementor-element elementor-element-a2e4883 elementor-section-boxed elementor-section-height-default elementor-section-height-default\" data-id=\"a2e4883\" data-element_type=\"section\" data-e-type=\"section\">\r\n\t\t\t\t\t\t<div class=\"elementor-container elementor-column-gap-thegem\"><div class=\"elementor-row\">\r\n\t\t\t\t\t<div class=\"elementor-column elementor-col-100 elementor-top-column elementor-element elementor-element-015fc43\" data-id=\"015fc43\" data-element_type=\"column\" data-e-type=\"column\">\n\t\t\t<div class=\"elementor-widget-wrap elementor-element-populated\">\n\t\t\t\t\t\t<div class=\"elementor-element elementor-element-a2228b2 flex-horizontal-align-default flex-horizontal-align-tablet-default flex-horizontal-align-mobile-default flex-vertical-align-default flex-vertical-align-tablet-default flex-vertical-align-mobile-default elementor-widget elementor-widget-shortcode\" data-id=\"a2228b2\" data-element_type=\"widget\" data-e-type=\"widget\" data-widget_type=\"shortcode.default\">\n\t\t\t\t<div class=\"elementor-widget-container\">\n\t\t\t\t\t\t\t<div class=\"elementor-shortcode\">    <style>\n        .login-box-custom { max-width: 400px; margin: 0 auto; border: 1px solid #e0e0e0; padding: 40px; border-radius: 5px; background-color: #fff; position: relative; box-sizing: border-box; }\n        .login-box-custom * { box-sizing: border-box; }\n        .login-box-custom h3 { text-align: center; margin: 0 0 20px 0; color: #333; }\n        .login-box-custom input[type=\"text\"], .login-box-custom input[type=\"password\"], .login-box-custom input[type=\"email\"], .login-box-custom input[type=\"tel\"] { width: 100% !important; margin-bottom: 15px !important; border: 1px solid #ccc !important; padding: 12px !important; border-radius: 4px !important; height: auto !important; }\n        .login-box-custom input[type=\"checkbox\"] { width: auto !important; margin-right: 8px !important; vertical-align: middle; cursor: pointer; }\n        .remember-me-label { font-size: 0.9em; color: #666; margin-bottom: 15px; display: block; cursor: pointer; }\n        .login-box-custom input[type=\"submit\"], .login-box-custom button { background-color: #f6891f !important; color: #ffffff !important; border: none !important; width: 100% !important; padding: 12px !important; text-transform: uppercase; font-weight: bold; cursor: pointer; border-radius: 4px; margin-top: 5px; display: block; }\n        .login-box-custom input[type=\"submit\"]:hover, .login-box-custom button:hover { background-color: #a4ce39 !important; }\n        .msl-alert { padding: 12px; margin-bottom: 20px; border-radius: 4px; text-align: center; font-weight: 600; font-size: 14px; word-wrap: break-word; }\n        .msl-error { color: #d00; background: #fff0f0; border: 1px solid #ffd0d0; }\n        .msl-success { color: #155724; background: #d4edda; border: 1px solid #c3e6cb; }\n        .login-box-links { text-align: center; margin-top: 20px; font-size: 0.9em; }\n        .login-box-links a { color: #888; text-decoration: none; border-bottom: 1px dotted #aaa; }\n        .campo-trampa { opacity: 0; position: absolute; top: 0; left: 0; height: 0; width: 0; z-index: -1; }\n    <\/style>\n\n    <div class=\"login-box-custom\">\n        \n                    <h3>Acceso Clientes<\/h3>\n                        <form name=\"loginform\" id=\"loginform\" action=\"https:\/\/vitidron.es\/entramos\/\" method=\"post\">\n                <label>Usuario o Email<\/label>\n                <input type=\"text\" name=\"log\" id=\"user_login\" class=\"input\" value=\"\" size=\"20\" required>\n                <label>Contrase\u00f1a<\/label>\n                <input type=\"password\" name=\"pwd\" id=\"user_pass\" class=\"input\" value=\"\" size=\"20\" required>\n                <label class=\"remember-me-label\">\n                    <input name=\"rememberme\" type=\"checkbox\" id=\"rememberme\" value=\"forever\"> Permanecer conectado\n                <\/label>\n                <input type=\"hidden\" name=\"origen_custom_login\" value=\"1\" \/>\n                <input type=\"hidden\" name=\"redirect_to\" value=\"https:\/\/vitidron.es\" \/>\n                <input type=\"text\" name=\"camuflaje_bot\" class=\"campo-trampa\" autocomplete=\"off\" tabindex=\"-1\">\n                <button type=\"submit\" name=\"wp-submit\" id=\"wp-submit\">Entrar<\/button>\n            <\/form>\n            <div class=\"login-box-links\"><a href=\"https:\/\/vitidron.es\/menu\/?vista=recuperar\">\u00bfOlvidaste tu contrase\u00f1a?<\/a><\/div>\n            <\/div>\n    <\/div>\n\t\t\t\t\t\t<\/div>\n\t\t\t\t<\/div>\n\t\t\t\t\t<\/div>\n\t\t<\/div>\n\t\t\t\t\t<\/div><\/div>\r\n\t\t<\/section>\r\n\t\t\t\t<section class=\"elementor-section elementor-top-section elementor-element elementor-element-86cce16 elementor-section-boxed elementor-section-height-default elementor-section-height-default\" data-id=\"86cce16\" data-element_type=\"section\" data-e-type=\"section\">\r\n\t\t\t\t\t\t<div class=\"elementor-container elementor-column-gap-thegem\"><div class=\"elementor-row\">\r\n\t\t\t\t\t<div class=\"elementor-column elementor-col-100 elementor-top-column elementor-element elementor-element-5776381 solo-conectado\" data-id=\"5776381\" data-element_type=\"column\" data-e-type=\"column\">\n\t\t\t<div class=\"elementor-widget-wrap elementor-element-populated\">\n\t\t\t\t\t\t<div class=\"elementor-element elementor-element-296540d flex-horizontal-align-default flex-horizontal-align-tablet-default flex-horizontal-align-mobile-default flex-vertical-align-default flex-vertical-align-tablet-default flex-vertical-align-mobile-default elementor-widget elementor-widget-thegem-styledbutton\" data-id=\"296540d\" data-element_type=\"widget\" data-e-type=\"widget\" data-settings=\"{&quot;thegem_button_skin&quot;:&quot;outline&quot;,&quot;add_icon&quot;:&quot;yes&quot;}\" data-widget_type=\"thegem-styledbutton.default\">\n\t\t\t\t<div class=\"elementor-widget-container\">\n\t\t\t\t\t\n<div class=\"gem-button-container gem-widget-button\">\n\n\t\t<a class=\"gem-button gem-button-size-tiny gem-button-text-weight-bold gem-button-style-outline gem-button-border-2\" href=\"https:\/\/vitidron.es\/seguridad\">\n\t\t<span class=\"gem-inner-wrapper-btn\">\n\t\t\t\t\t\t\t<span class=\"gem-button-icon\">\n\t\t\t\t\t<i aria-hidden=\"true\" class=\"fas fa-lock\"><\/i>\t\t\t\t<\/span>\n\t\t\t\t\t\t<span class=\"gem-text-button\">\n\t\t\t\tOpciones de Seguridad\t\t\t<\/span>\n\t\t<\/span>\n\t<\/a>\n\n\t\n<\/div>\t\t\t\t<\/div>\n\t\t\t\t<\/div>\n\t\t\t\t\t<\/div>\n\t\t<\/div>\n\t\t\t\t\t<\/div><\/div>\r\n\t\t<\/section>\r\n\t\t\t\t<\/div>\n\t\t","protected":false},"excerpt":{"rendered":"<p>Acceso Clientes A\u00f1ade el acceso directo a tu dispositivo para entrar r\u00e1pidamente a tu \u00e1rea privada. Instalar App Ahora no&#8230;<\/p>\n","protected":false},"author":1,"featured_media":0,"parent":0,"menu_order":0,"comment_status":"closed","ping_status":"closed","template":"page-fullwidth.php","meta":{"footnotes":""},"class_list":["post-7725","page","type-page","status-publish"],"_links":{"self":[{"href":"https:\/\/vitidron.es\/wp-json\/wp\/v2\/pages\/7725","targetHints":{"allow":["GET"]}}],"collection":[{"href":"https:\/\/vitidron.es\/wp-json\/wp\/v2\/pages"}],"about":[{"href":"https:\/\/vitidron.es\/wp-json\/wp\/v2\/types\/page"}],"author":[{"embeddable":true,"href":"https:\/\/vitidron.es\/wp-json\/wp\/v2\/users\/1"}],"replies":[{"embeddable":true,"href":"https:\/\/vitidron.es\/wp-json\/wp\/v2\/comments?post=7725"}],"version-history":[{"count":98,"href":"https:\/\/vitidron.es\/wp-json\/wp\/v2\/pages\/7725\/revisions"}],"predecessor-version":[{"id":8127,"href":"https:\/\/vitidron.es\/wp-json\/wp\/v2\/pages\/7725\/revisions\/8127"}],"wp:attachment":[{"href":"https:\/\/vitidron.es\/wp-json\/wp\/v2\/media?parent=7725"}],"curies":[{"name":"wp","href":"https:\/\/api.w.org\/{rel}","templated":true}]}}